{"id":249,"date":"2014-12-12T00:09:34","date_gmt":"2014-12-11T22:09:34","guid":{"rendered":"http:\/\/www.verenahehl.de\/blog\/?page_id=249"},"modified":"2015-06-25T11:41:07","modified_gmt":"2015-06-25T09:41:07","slug":"sacred-misunderstandings","status":"publish","type":"page","link":"http:\/\/www.verenahehl.de\/?page_id=249","title":{"rendered":"Sacred misunderstandings"},"content":{"rendered":"<h5>Company Blu,<\/h5>\n<p>Tanzst\u00fcck f\u00fcr 10 T\u00e4nzerinnen<\/p>\n<p>Mitwirkung als T\u00e4nzerin<\/p>\n<p>Choreographie: Charlotte Zerbey und Alessandro Certini (company blu)<\/p>\n<p>April 2007 im E-Werk in Freiburg (Deutschland) sowie in Chichester (England)<\/p>\n<p><a href=\"http:\/\/www.verenahehl.de\/blog\/wp-content\/uploads\/2014\/12\/Verena1-e1419280120968.jpg\"><img loading=\"lazy\" decoding=\"async\" class=\"alignnone size-medium wp-image-303\" src=\"http:\/\/www.verenahehl.de\/blog\/wp-content\/uploads\/2014\/12\/Verena1-300x200.jpg\" alt=\"Verena1\" width=\"300\" height=\"200\" \/><\/a><\/p>\n<p><a href=\"http:\/\/www.verenahehl.de\/blog\/wp-content\/uploads\/2014\/12\/Verena5-e1419279994879.jpg\"><img loading=\"lazy\" decoding=\"async\" class=\"alignnone size-medium wp-image-306\" src=\"http:\/\/www.verenahehl.de\/blog\/wp-content\/uploads\/2014\/12\/Verena5-e1418341801904-200x300.jpg\" alt=\"Verena5\" width=\"200\" height=\"300\" \/><\/a><\/p>\n<p><a href=\"http:\/\/www.verenahehl.de\/blog\/wp-content\/uploads\/2014\/12\/Verena4-e1419279953936.jpg\"><img loading=\"lazy\" decoding=\"async\" class=\"alignnone size-medium wp-image-309\" src=\"http:\/\/www.verenahehl.de\/blog\/wp-content\/uploads\/2014\/12\/Verena4-e1418341776340-200x300.jpg\" alt=\"Verena4\" width=\"200\" height=\"300\" \/><\/a><\/p>\n<p>&nbsp;<\/p>\n<p><a href=\"http:\/\/www.verenahehl.de\/blog\/wp-content\/uploads\/2014\/12\/Verena3-e1419280015367.jpg\"><img loading=\"lazy\" decoding=\"async\" class=\"alignnone size-medium wp-image-304\" src=\"http:\/\/www.verenahehl.de\/blog\/wp-content\/uploads\/2014\/12\/Verena3-e1418341821161-200x300.jpg\" alt=\"Verena3\" width=\"200\" height=\"300\" \/><\/a><\/p>\n<p>&nbsp;<\/p>\n<p>&nbsp;<\/p>\n","protected":false},"excerpt":{"rendered":"<p>Company Blu, Tanzst\u00fcck f\u00fcr 10 T\u00e4nzerinnen Mitwirkung als T\u00e4nzerin Choreographie: Charlotte Zerbey und Alessandro Certini (company blu) April 2007 im E-Werk in Freiburg (Deutschland) sowie in Chichester (England) &nbsp; &nbsp; &nbsp;<\/p>\n","protected":false},"author":2,"featured_media":0,"parent":89,"menu_order":0,"comment_status":"closed","ping_status":"open","template":"","meta":{"footnotes":""},"_links":{"self":[{"href":"http:\/\/www.verenahehl.de\/index.php?rest_route=\/wp\/v2\/pages\/249"}],"collection":[{"href":"http:\/\/www.verenahehl.de\/index.php?rest_route=\/wp\/v2\/pages"}],"about":[{"href":"http:\/\/www.verenahehl.de\/index.php?rest_route=\/wp\/v2\/types\/page"}],"author":[{"embeddable":true,"href":"http:\/\/www.verenahehl.de\/index.php?rest_route=\/wp\/v2\/users\/2"}],"replies":[{"embeddable":true,"href":"http:\/\/www.verenahehl.de\/index.php?rest_route=%2Fwp%2Fv2%2Fcomments&post=249"}],"version-history":[{"count":17,"href":"http:\/\/www.verenahehl.de\/index.php?rest_route=\/wp\/v2\/pages\/249\/revisions"}],"predecessor-version":[{"id":390,"href":"http:\/\/www.verenahehl.de\/index.php?rest_route=\/wp\/v2\/pages\/249\/revisions\/390"}],"up":[{"embeddable":true,"href":"http:\/\/www.verenahehl.de\/index.php?rest_route=\/wp\/v2\/pages\/89"}],"wp:attachment":[{"href":"http:\/\/www.verenahehl.de\/index.php?rest_route=%2Fwp%2Fv2%2Fmedia&parent=249"}],"curies":[{"name":"wp","href":"https:\/\/api.w.org\/{rel}","templated":true}]}}