{"id":45,"date":"2014-11-20T14:50:48","date_gmt":"2014-11-20T12:50:48","guid":{"rendered":"http:\/\/www.tul8.de\/verena-hehl\/?page_id=45"},"modified":"2015-06-25T11:41:07","modified_gmt":"2015-06-25T09:41:07","slug":"you-and-me","status":"publish","type":"page","link":"http:\/\/www.verenahehl.de\/?page_id=45","title":{"rendered":"You and me"},"content":{"rendered":"<p>site-specific Performance an verschiedenen \u00f6ffentlichen und privaten Orten in Freiburg<\/p>\n<p>Mitwirkung als T\u00e4nzerin und Performerin<\/p>\n<p>K\u00fcnstlerische Leitung: Tara Rynders<\/p>\n<p>November 2013, Freiburg<\/p>\n<p>&nbsp;<\/p>\n","protected":false},"excerpt":{"rendered":"<p>site-specific Performance an verschiedenen \u00f6ffentlichen und privaten Orten in Freiburg Mitwirkung als T\u00e4nzerin und Performerin K\u00fcnstlerische Leitung: Tara Rynders November 2013, Freiburg &nbsp;<\/p>\n","protected":false},"author":2,"featured_media":0,"parent":89,"menu_order":0,"comment_status":"closed","ping_status":"open","template":"","meta":{"footnotes":""},"_links":{"self":[{"href":"http:\/\/www.verenahehl.de\/index.php?rest_route=\/wp\/v2\/pages\/45"}],"collection":[{"href":"http:\/\/www.verenahehl.de\/index.php?rest_route=\/wp\/v2\/pages"}],"about":[{"href":"http:\/\/www.verenahehl.de\/index.php?rest_route=\/wp\/v2\/types\/page"}],"author":[{"embeddable":true,"href":"http:\/\/www.verenahehl.de\/index.php?rest_route=\/wp\/v2\/users\/2"}],"replies":[{"embeddable":true,"href":"http:\/\/www.verenahehl.de\/index.php?rest_route=%2Fwp%2Fv2%2Fcomments&post=45"}],"version-history":[{"count":2,"href":"http:\/\/www.verenahehl.de\/index.php?rest_route=\/wp\/v2\/pages\/45\/revisions"}],"predecessor-version":[{"id":49,"href":"http:\/\/www.verenahehl.de\/index.php?rest_route=\/wp\/v2\/pages\/45\/revisions\/49"}],"up":[{"embeddable":true,"href":"http:\/\/www.verenahehl.de\/index.php?rest_route=\/wp\/v2\/pages\/89"}],"wp:attachment":[{"href":"http:\/\/www.verenahehl.de\/index.php?rest_route=%2Fwp%2Fv2%2Fmedia&parent=45"}],"curies":[{"name":"wp","href":"https:\/\/api.w.org\/{rel}","templated":true}]}}