{"id":89,"date":"2014-12-08T18:23:01","date_gmt":"2014-12-08T16:23:01","guid":{"rendered":"http:\/\/www.verenahehl.de\/?page_id=89"},"modified":"2020-12-07T16:55:04","modified_gmt":"2020-12-07T14:55:04","slug":"getanzt-in","status":"publish","type":"page","link":"http:\/\/www.verenahehl.de\/?page_id=89","title":{"rendered":"Arbeiten als T\u00e4nzerin"},"content":{"rendered":"<h5 id=\"h2sj9q6n6rmyn8le51p18iic1ag37qm\"><a href=\"#h2sj9q6n6rmyn8le51p18iic1ag37qm\">&#8222;These Associations&#8220;<\/a><\/h5>\n<p>K\u00fcnstlerische Leitung: Tino Sehgal<\/p>\n<p>performativ-situative Ausstellung im Albertinum-Museum Dresden<\/p>\n<p>Mitwirkung als Performerin<\/p>\n<p>Juli\/August 2016, Albertinum Dresden,<\/p>\n<p>November 2017, Volksb\u00fchne Berlin<\/p>\n<p>&nbsp;<\/p>\n<h5>&#8222;<a href=\" http:\/\/www.verenahehl.de\/blog\/?page_id=45\">You and me<\/a>&#8222;<\/h5>\n<p>site-specific Performance an verschiedenen \u00f6ffentlichen und privaten Orten in Freiburg<\/p>\n<p>Mitwirkung als T\u00e4nzerin und Performerin<\/p>\n<p>K\u00fcnstlerische Leitung: Tara Rynders<\/p>\n<p>November 2013, Freiburg<\/p>\n<p>&nbsp;<\/p>\n<h5>&#8222;I am your mother&#8220;<\/h5>\n<p>Performance\u00a0f\u00fcr ca. 30 singende Performer<\/p>\n<p>Mitwirkung als Performerin<\/p>\n<p>K\u00fcnstlerische Leitung: Felix Ruckert<\/p>\n<p>Juli 2013, Schwelle 7 Berlin<\/p>\n<p>&nbsp;<\/p>\n<h5>\u201e<a href=\"http:\/\/www.verenahehl.de\/blog\/?page_id=127 \">Parcival XX-XI<\/a>&#8222;<\/h5>\n<p>company urbanReflects,<\/p>\n<p>Tanz: Verena Hehl, Dagny Borsdorf, Arun Trefz, F\u00e9 Andr\u00e9, Christian Dittmann, Marie Kolinsky<\/p>\n<p>Choreografie: Doro Eitel<\/p>\n<p>Februar 2011, Schwankhalle Bremen, Messe Freiburg<\/p>\n<p>&nbsp;<\/p>\n<h5>\u201e<a href=\"http:\/\/www.verenahehl.de\/blog\/?page_id=110 \">Inspektion: Kunstverein<\/a>&#8222;<\/h5>\n<p>company urbanReflects,<\/p>\n<p>t\u00e4nzerisch-musikalische Einsichten aus 5 Perspektiven, ein interaktiver Improvisationsabend f\u00fcr 3 T\u00e4nzer und 2 Musiker<\/p>\n<p>Performer: Verena Hehl, Oleg Kaufmann, Doro Eitel, Jan F. Kurth, Konrad Wiemann,<\/p>\n<p>Juli 2011, Kunstverein Freiburg<\/p>\n<p>&nbsp;<\/p>\n<h5>\u201e<a href=\"http:\/\/www.verenahehl.de\/blog\/?page_id=129 \">unrestricted exploitation<\/a>&#8222;<\/h5>\n<p>company urbanReflects,<\/p>\n<p>Tanz: Verena Hehl, Marie Kolinsky, Flurin Kappenberger, Arun Trefz<\/p>\n<p>Choreografie: Doro Eitel<\/p>\n<p>nominiert f\u00fcr den Stuttgarter Theaterpreis 2010<\/p>\n<p>Premiere: Februar 2010, Morat-Institut Freiburg<\/p>\n<p>(seitdem Auftritte auf diversen Festivals und Gastspiele in verschiedenen Theatern bundesweit)<\/p>\n<p>&nbsp;<\/p>\n<h5>\u201epirate queens\u201c<\/h5>\n<p>Compagnie Aquanaut,<\/p>\n<p>cirque nouveau auf dem Segelschiff, gespielt in verschiedenen H\u00e4fen in Deutschland und D\u00e4nemark,<\/p>\n<p>Mitwirkung als T\u00e4nzerin<\/p>\n<p>Choreografie und Tanz: kollektiv Compagnie Aquanaut<\/p>\n<p>Juni 2009<\/p>\n<p>&nbsp;<\/p>\n<h5>\u201ebeyond\u201c<\/h5>\n<p>Tanzst\u00fcck f\u00fcr f\u00fcnf T\u00e4nzerinnen, zwei Musiker und einen Sprecher<\/p>\n<p>Kollaboration mit dem Projekt \u201eAktr\u00e4ume\u201c der Freiburger K\u00fcnstlergruppe \u201eDie Zeitgenossen\u201c<\/p>\n<p>Choreographie: Doro Eitel<\/p>\n<p>Tanz: Verena Hehl, Jenny D\u00f6ll, Marie Kolinsky, Stefanie Scheubeck, Manoela Milanova<\/p>\n<p>Januar 2009, Peterhofkeller, Freiburg<\/p>\n<p>&nbsp;<\/p>\n<h5>\u201eafter the apple\u201c,<\/h5>\n<p>Compagnie Aquanaut,<\/p>\n<p>cirque nouveau auf dem Segelschiff, ein St\u00fcck f\u00fcr 10 Darsteller (T\u00e4nzer, Akrobaten, Clown) und Livemusik, gespielt auf der Lovis in verschiedenen H\u00e4fen in Deutschland und D\u00e4nemark,<\/p>\n<p>Mitwirkung als T\u00e4nzerin<\/p>\n<p>Choreografie: Jordi Vidals<\/p>\n<p>Juni 2007<\/p>\n<p>&nbsp;<\/p>\n<h5>\u201e<a title=\"Sacred misunderstandings\" href=\"http:\/\/www.verenahehl.de\/blog\/?page_id=249%20\">Sacred Misunderstandings<\/a>\u201c<\/h5>\n<p>Company Blu,<\/p>\n<p>Tanzst\u00fcck f\u00fcr 10 T\u00e4nzerinnen<\/p>\n<p>Mitwirkung als T\u00e4nzerin<\/p>\n<p>Choreographie: Charlotte Zerbey und Alessandro Certini,<\/p>\n<p>April 2007 im E-Werk in Freiburg sowie in Chichester (England)<\/p>\n<p>&nbsp;<\/p>\n<h5>\u201eUrbane Rituale\u201c,<\/h5>\n<p>site-specific Tanzperformance im St. Pauli &#8211; Stadion in Hamburg<\/p>\n<p>Mitwirkung als T\u00e4nzerin<\/p>\n<p>Choreographie: Annett Walter (D) und Thomas Kampe (GB)<\/p>\n<p>Juli 2003, Hamburg<\/p>\n<p>&nbsp;<\/p>\n<h5><\/h5>\n<p>&nbsp;<\/p>\n<p>&nbsp;<\/p>\n<h5><\/h5>\n<p>&nbsp;<\/p>\n<p>&nbsp;<\/p>\n","protected":false},"excerpt":{"rendered":"<p>&#8222;These Associations&#8220; K\u00fcnstlerische Leitung: Tino Sehgal performativ-situative Ausstellung im Albertinum-Museum Dresden Mitwirkung als Performerin Juli\/August 2016, Albertinum Dresden, November 2017, Volksb\u00fchne Berlin &nbsp; &#8222;You and me&#8222; site-specific Performance an verschiedenen \u00f6ffentlichen und privaten Orten in Freiburg Mitwirkung als T\u00e4nzerin und Performerin K\u00fcnstlerische Leitung: Tara Rynders November 2013, Freiburg &nbsp; &#8222;I am your mother&#8220; Performance\u00a0f\u00fcr ca. &hellip;<\/p>\n","protected":false},"author":2,"featured_media":0,"parent":107,"menu_order":0,"comment_status":"closed","ping_status":"open","template":"","meta":{"footnotes":""},"_links":{"self":[{"href":"http:\/\/www.verenahehl.de\/index.php?rest_route=\/wp\/v2\/pages\/89"}],"collection":[{"href":"http:\/\/www.verenahehl.de\/index.php?rest_route=\/wp\/v2\/pages"}],"about":[{"href":"http:\/\/www.verenahehl.de\/index.php?rest_route=\/wp\/v2\/types\/page"}],"author":[{"embeddable":true,"href":"http:\/\/www.verenahehl.de\/index.php?rest_route=\/wp\/v2\/users\/2"}],"replies":[{"embeddable":true,"href":"http:\/\/www.verenahehl.de\/index.php?rest_route=%2Fwp%2Fv2%2Fcomments&post=89"}],"version-history":[{"count":22,"href":"http:\/\/www.verenahehl.de\/index.php?rest_route=\/wp\/v2\/pages\/89\/revisions"}],"predecessor-version":[{"id":631,"href":"http:\/\/www.verenahehl.de\/index.php?rest_route=\/wp\/v2\/pages\/89\/revisions\/631"}],"up":[{"embeddable":true,"href":"http:\/\/www.verenahehl.de\/index.php?rest_route=\/wp\/v2\/pages\/107"}],"wp:attachment":[{"href":"http:\/\/www.verenahehl.de\/index.php?rest_route=%2Fwp%2Fv2%2Fmedia&parent=89"}],"curies":[{"name":"wp","href":"https:\/\/api.w.org\/{rel}","templated":true}]}}